{"id":44,"date":"2022-04-24T08:15:26","date_gmt":"2022-04-24T08:15:26","guid":{"rendered":"https:\/\/study.2tm.eu\/?page_id=44"},"modified":"2023-06-09T12:54:17","modified_gmt":"2023-06-09T12:54:17","slug":"blog","status":"publish","type":"page","link":"https:\/\/study.2tm.eu\/sr\/blog\/","title":{"rendered":"Blog Slovenija"},"content":{"rendered":"\n<div class=\"wp-block-group page-form has-background\" style=\"background-color:#d9d9d9\"><div class=\"wp-block-group__inner-container is-layout-flow wp-block-group-is-layout-flow\">\n<div class=\"wp-block-group container\"><div class=\"wp-block-group__inner-container is-layout-flow wp-block-group-is-layout-flow\">\n<div class=\"wp-block-contact-form-7-contact-form-selector\"><div role=\"form\" class=\"wpcf7\" id=\"wpcf7-f12-o1\" lang=\"en-US\" dir=\"ltr\">\n<div class=\"screen-reader-response\"><p role=\"status\" aria-live=\"polite\" aria-atomic=\"true\"><\/p> <ul><\/ul><\/div>\n<form action=\"\/sr\/wp-json\/wp\/v2\/pages\/44#wpcf7-f12-o1\" method=\"post\" class=\"wpcf7-form init\" novalidate=\"novalidate\" data-status=\"init\">\n<div style=\"display: none;\">\n<input type=\"hidden\" name=\"_wpcf7\" value=\"12\" \/>\n<input type=\"hidden\" name=\"_wpcf7_version\" value=\"5.6.3\" \/>\n<input type=\"hidden\" name=\"_wpcf7_locale\" value=\"en_US\" \/>\n<input type=\"hidden\" name=\"_wpcf7_unit_tag\" value=\"wpcf7-f12-o1\" \/>\n<input type=\"hidden\" name=\"_wpcf7_container_post\" value=\"0\" \/>\n<input type=\"hidden\" name=\"_wpcf7_posted_data_hash\" value=\"\" \/>\n<\/div>\n<div class=\"rud--consult__form--top\">\n    <span id=\"wpcf7-69da80990c0b3-wrapper\" class=\"wpcf7-form-control-wrap first-name-wrap\" style=\"display:none !important; visibility:hidden !important;\"><label for=\"wpcf7-69da80990c0b3-field\" class=\"hp-message\">Please leave this field empty.<\/label><input id=\"wpcf7-69da80990c0b3-field\"  class=\"wpcf7-form-control wpcf7-text\" type=\"text\" name=\"first-name\" value=\"\" size=\"40\" tabindex=\"-1\" autocomplete=\"new-password\" \/><\/span>\n    <input type=\"hidden\" name=\"form-type\" value=\"consult\" class=\"wpcf7-form-control wpcf7-hidden\" \/>\n    <input type=\"hidden\" name=\"form_id\" value=\"12\" class=\"wpcf7-form-control wpcf7-hidden\" \/>\n    <input type=\"hidden\" name=\"langsite\" value=\"151\" class=\"wpcf7-form-control wpcf7-hidden\" \/>  <!-- \u042f\u0437\u044b\u043a \u0441\u0430\u0439\u0442\u0430 \u0421\u0435\u0440\u0431\u0441\u043a\u0438\u0439 -->\n    <span class=\"wpcf7-form-control-wrap\" data-name=\"your-name\"><input type=\"text\" name=\"your-name\" value=\"\" size=\"40\" class=\"wpcf7-form-control wpcf7-text wpcf7-validates-as-required\" aria-required=\"true\" aria-invalid=\"false\" placeholder=\"Ime*\" \/><\/span>\n    <span class=\"wpcf7-form-control-wrap\" data-name=\"your-phone\"><input type=\"tel\" name=\"your-phone-cf7it-national\" value=\"\" class=\"wpcf7-form-control wpcf7-intl-tel wpcf7-intl_tel wpcf7-validates-as-required\" aria-required=\"true\" aria-invalid=\"false\" data-initialcountry=\"rs\" data-preferredcountries=\"rs-hr-me-mk-ba-si\" \/><input type=\"hidden\" name=\"your-phone\" class=\"wpcf7-intl-tel-full\" \/><input type=\"hidden\" name=\"your-phone-cf7it-country-name\" class=\"wpcf7-intl-tel-country-name\" \/><input type=\"hidden\" name=\"your-phone-cf7it-country-code\" class=\"wpcf7-intl-tel-country-code\" \/><input type=\"hidden\" name=\"your-phone-cf7it-country-iso2\" class=\"wpcf7-intl-tel-country-iso2\" \/><\/span>\n    <span class=\"wpcf7-form-control-wrap\" data-name=\"your-email\"><input type=\"email\" name=\"your-email\" value=\"\" size=\"40\" class=\"wpcf7-form-control wpcf7-text wpcf7-email wpcf7-validates-as-required wpcf7-validates-as-email\" aria-required=\"true\" aria-invalid=\"false\" placeholder=\"E-mail*\" \/><\/span>\n<\/div>\n\n<span class=\"wpcf7-form-control-wrap\" data-name=\"your-message\"><textarea name=\"your-message\" cols=\"40\" rows=\"10\" class=\"wpcf7-form-control wpcf7-textarea\" aria-invalid=\"false\" placeholder=\"Va\u0161a poruka\"><\/textarea><\/span>\n\n<div class=\"rud--consult__form--checkboxs js-rud--consult__form--checkboxs\">\n    <span class=\"wpcf7-form-control-wrap\" data-name=\"acceptance-policy\"><span class=\"wpcf7-form-control wpcf7-checkbox wpcf7-validates-as-required\"><span class=\"wpcf7-list-item first last\"><label><input type=\"checkbox\" name=\"acceptance-policy[]\" value=\"Saglasan\/saglasna sam sa obradom mojih li\u010dnih podataka\" \/><span class=\"wpcf7-list-item-label\">Saglasan\/saglasna sam sa obradom mojih li\u010dnih podataka<\/span><\/label><\/span><\/span><\/span>\n    <span class=\"wpcf7-form-control-wrap\" data-name=\"i-am-16\"><span class=\"wpcf7-form-control wpcf7-checkbox wpcf7-validates-as-required\"><span class=\"wpcf7-list-item first last\"><label><input type=\"checkbox\" name=\"i-am-16[]\" value=\"Sla\u017eem se sa uslovima kori\u0161c\u0301enja\" \/><span class=\"wpcf7-list-item-label\">Sla\u017eem se sa uslovima kori\u0161c\u0301enja<\/span><\/label><\/span><\/span><\/span>\n<\/div>\n\n<input type=\"submit\" value=\"Po\u0161alji!\" class=\"wpcf7-form-control has-spinner wpcf7-submit\" \/>\n\n <div class=\"rud--modal__consult--socials\">\n    <a href=\"tel:+38659043716\" class=\"rud--modal__consult--social rud--phone\">\n        <img decoding=\"async\" src=\"https:\/\/courses.2tm.eu\/content\/uploads\/sites\/2\/2023\/06\/rud-phone.svg\" alt=\"\">\n    <\/a>\n    <a href=\"viber:\/\/chat?number=%2B38669891034\" class=\"rud--modal__consult--social rud--viber\" target=\"_blank\">\n        <img decoding=\"async\" src=\"https:\/\/courses.2tm.eu\/content\/uploads\/sites\/2\/2023\/06\/rud-viber.svg\" alt=\"\">\n    <\/a>\n    <a href=\"https:\/\/api.whatsapp.com\/send?phone=38669891034\" class=\"rud--modal__consult--social rud--whatsapp\" target=\"_blank\">\n        <img decoding=\"async\" src=\"https:\/\/courses.2tm.eu\/content\/uploads\/sites\/2\/2023\/06\/rud-whatsapp.svg\" alt=\"\">\n    <\/a>\n\t<a href=\"http:\/\/m.me\/studirajusloveniji\/\" class=\"rud--modal__consult--social rud--telegram\" rel=\"noopener noreferrer\" target=\"_blank\">\n        <img decoding=\"async\" width=\"36\" src=\"\/content\/uploads\/2022\/05\/facebook.svg\" \/>\n    <\/a>\n<\/div><input type=\"hidden\" id=\"ct_checkjs_cf7_31fefc0e570cb3860f2a6d4b38c6490d\" name=\"ct_checkjs_cf7\" value=\"0\" \/><script >setTimeout(function(){var ct_input_name = \"ct_checkjs_cf7_31fefc0e570cb3860f2a6d4b38c6490d\";if (document.getElementById(ct_input_name) !== null) {var ct_input_value = document.getElementById(ct_input_name).value;document.getElementById(ct_input_name).value = document.getElementById(ct_input_name).value.replace(ct_input_value, '1781841359');}}, 1000);<\/script><label class=\"apbct_special_field\" id=\"apbct_label_id80971\" for=\"apbct__email_id__wp_contact_form_7_80971\">80971<\/label><input\n            id=\"apbct__email_id__wp_contact_form_7_80971\"\n            class=\"apbct_special_field apbct__email_id__wp_contact_form_7\"\n            name=\"apbct__email_id__wp_contact_form_7_80971\"\n            type=\"text\" size=\"30\" maxlength=\"200\" autocomplete=\"off\"\n            value=\"80971\" apbct_event_id=\"80971\"\n            \/><input id=\"apbct_event_id_wp_contact_form_7_80971\"\n                class=\"apbct_special_field\" name=\"apbct_event_id\" type=\"hidden\" value=\"80971\" \/><div class=\"wpcf7-response-output\" aria-hidden=\"true\"><\/div><\/form><\/div><\/div>\n<\/div><\/div>\n<\/div><\/div>\n","protected":false},"excerpt":{"rendered":"","protected":false},"author":1,"featured_media":0,"parent":0,"menu_order":0,"comment_status":"closed","ping_status":"closed","template":"template-blog.php","meta":{"_acf_changed":false,"footnotes":""},"acf":[],"yoast_head":"<!-- This site is optimized with the Yoast SEO Premium plugin v20.5 (Yoast SEO v20.5) - https:\/\/yoast.com\/wordpress\/plugins\/seo\/ -->\n<title>Blog Slovenija - Studiraj u Europi<\/title>\n<meta name=\"description\" content=\"Pro\u010ditajte korisne \u010dlanke o u\u010denju u Sloveniji na na\u0161em blogu. Korisne informacije o slovena\u010dkom obrazovnom sistemu, obrazovnim institucijama i jo\u0161 mnogo toga. Pridru\u017eite nam se i ostvarite svoje snove.\" \/>\n<meta name=\"robots\" content=\"index, follow, max-snippet:-1, max-image-preview:large, max-video-preview:-1\" \/>\n<link rel=\"canonical\" href=\"https:\/\/study.2tm.eu\/sr\/blog\/\" \/>\n<meta property=\"og:locale\" content=\"sr_RS\" \/>\n<meta property=\"og:type\" content=\"article\" \/>\n<meta property=\"og:title\" content=\"Blog Slovenija \u2013 Studiraj u Europi\" \/>\n<meta property=\"og:description\" content=\"Pro\u010ditajte korisne \u010dlanke o u\u010denju u Sloveniji na na\u0161em blogu. Korisne informacije o slovena\u010dkom obrazovnom sistemu, obrazovnim institucijama i jo\u0161 mnogo toga. Pridru\u017eite nam se i ostvarite svoje snove.\" \/>\n<meta property=\"og:url\" content=\"https:\/\/study.2tm.eu\/sr\/blog\/\" \/>\n<meta property=\"og:site_name\" content=\"Studiraj u Europi\" \/>\n<meta property=\"article:modified_time\" content=\"2023-06-09T12:54:17+00:00\" \/>\n<meta property=\"og:image\" content=\"https:\/\/study.2tm.eu\/content\/uploads\/sites\/4\/2023\/03\/slovenia_blog_1200x630.jpg\" \/>\n\t<meta property=\"og:image:width\" content=\"1200\" \/>\n\t<meta property=\"og:image:height\" content=\"630\" \/>\n\t<meta property=\"og:image:type\" content=\"image\/jpeg\" \/>\n<meta name=\"twitter:card\" content=\"summary_large_image\" \/>\n<meta name=\"twitter:title\" content=\"Blog Slovenija \u2013 Studiraj u Europi\" \/>\n<meta name=\"twitter:description\" content=\"Pro\u010ditajte korisne \u010dlanke o u\u010denju u Sloveniji na na\u0161em blogu. Korisne informacije o slovena\u010dkom obrazovnom sistemu, obrazovnim institucijama i jo\u0161 mnogo toga. Pridru\u017eite nam se i ostvarite svoje snove.\" \/>\n<meta name=\"twitter:image\" content=\"https:\/\/study.2tm.eu\/content\/uploads\/sites\/4\/2023\/03\/slovenia_blog_1200x630.jpg\" \/>\n<meta name=\"twitter:label1\" content=\"\u041f\u0440\u043e\u0446\u0435\u045a\u0435\u043d\u043e \u0432\u0440\u0435\u043c\u0435 \u0447\u0438\u0442\u0430\u045a\u0430\" \/>\n\t<meta name=\"twitter:data1\" content=\"1 \u043c\u0438\u043d\u0443\u0442\" \/>\n<script type=\"application\/ld+json\" class=\"yoast-schema-graph\">{\"@context\":\"https:\/\/schema.org\",\"@graph\":[{\"@type\":\"WebPage\",\"@id\":\"https:\/\/study.2tm.eu\/sr\/blog\/\",\"url\":\"https:\/\/study.2tm.eu\/sr\/blog\/\",\"name\":\"Blog Slovenija - Studiraj u Europi\",\"isPartOf\":{\"@id\":\"https:\/\/study.2tm.eu\/#website\"},\"datePublished\":\"2022-04-24T08:15:26+00:00\",\"dateModified\":\"2023-06-09T12:54:17+00:00\",\"description\":\"Pro\u010ditajte korisne \u010dlanke o u\u010denju u Sloveniji na na\u0161em blogu. Korisne informacije o slovena\u010dkom obrazovnom sistemu, obrazovnim institucijama i jo\u0161 mnogo toga. Pridru\u017eite nam se i ostvarite svoje snove.\",\"breadcrumb\":{\"@id\":\"https:\/\/study.2tm.eu\/sr\/blog\/#breadcrumb\"},\"inLanguage\":\"sr-RS\",\"potentialAction\":[{\"@type\":\"ReadAction\",\"target\":[\"https:\/\/study.2tm.eu\/sr\/blog\/\"]}]},{\"@type\":\"BreadcrumbList\",\"@id\":\"https:\/\/study.2tm.eu\/sr\/blog\/#breadcrumb\",\"itemListElement\":[{\"@type\":\"ListItem\",\"position\":1,\"name\":\"Home\",\"item\":\"https:\/\/study.2tm.eu\/sr\/\"},{\"@type\":\"ListItem\",\"position\":2,\"name\":\"Blog Slovenija\"}]},{\"@type\":\"WebSite\",\"@id\":\"https:\/\/study.2tm.eu\/#website\",\"url\":\"https:\/\/study.2tm.eu\/\",\"name\":\"Studiraj u Europi\",\"description\":\"2TM\",\"potentialAction\":[{\"@type\":\"SearchAction\",\"target\":{\"@type\":\"EntryPoint\",\"urlTemplate\":\"https:\/\/study.2tm.eu\/?s={search_term_string}\"},\"query-input\":\"required name=search_term_string\"}],\"inLanguage\":\"sr-RS\"}]}<\/script>\n<!-- \/ Yoast SEO Premium plugin. -->","yoast_head_json":{"title":"Blog Slovenija - Studiraj u Europi","description":"Pro\u010ditajte korisne \u010dlanke o u\u010denju u Sloveniji na na\u0161em blogu. Korisne informacije o slovena\u010dkom obrazovnom sistemu, obrazovnim institucijama i jo\u0161 mnogo toga. Pridru\u017eite nam se i ostvarite svoje snove.","robots":{"index":"index","follow":"follow","max-snippet":"max-snippet:-1","max-image-preview":"max-image-preview:large","max-video-preview":"max-video-preview:-1"},"canonical":"https:\/\/study.2tm.eu\/sr\/blog\/","og_locale":"sr_RS","og_type":"article","og_title":"Blog Slovenija \u2013 Studiraj u Europi","og_description":"Pro\u010ditajte korisne \u010dlanke o u\u010denju u Sloveniji na na\u0161em blogu. Korisne informacije o slovena\u010dkom obrazovnom sistemu, obrazovnim institucijama i jo\u0161 mnogo toga. Pridru\u017eite nam se i ostvarite svoje snove.","og_url":"https:\/\/study.2tm.eu\/sr\/blog\/","og_site_name":"Studiraj u Europi","article_modified_time":"2023-06-09T12:54:17+00:00","og_image":[{"width":1200,"height":630,"url":"https:\/\/study.2tm.eu\/content\/uploads\/sites\/4\/2023\/03\/slovenia_blog_1200x630.jpg","type":"image\/jpeg"}],"twitter_card":"summary_large_image","twitter_title":"Blog Slovenija \u2013 Studiraj u Europi","twitter_description":"Pro\u010ditajte korisne \u010dlanke o u\u010denju u Sloveniji na na\u0161em blogu. Korisne informacije o slovena\u010dkom obrazovnom sistemu, obrazovnim institucijama i jo\u0161 mnogo toga. Pridru\u017eite nam se i ostvarite svoje snove.","twitter_image":"https:\/\/study.2tm.eu\/content\/uploads\/sites\/4\/2023\/03\/slovenia_blog_1200x630.jpg","twitter_misc":{"\u041f\u0440\u043e\u0446\u0435\u045a\u0435\u043d\u043e \u0432\u0440\u0435\u043c\u0435 \u0447\u0438\u0442\u0430\u045a\u0430":"1 \u043c\u0438\u043d\u0443\u0442"},"schema":{"@context":"https:\/\/schema.org","@graph":[{"@type":"WebPage","@id":"https:\/\/study.2tm.eu\/sr\/blog\/","url":"https:\/\/study.2tm.eu\/sr\/blog\/","name":"Blog Slovenija - Studiraj u Europi","isPartOf":{"@id":"https:\/\/study.2tm.eu\/#website"},"datePublished":"2022-04-24T08:15:26+00:00","dateModified":"2023-06-09T12:54:17+00:00","description":"Pro\u010ditajte korisne \u010dlanke o u\u010denju u Sloveniji na na\u0161em blogu. Korisne informacije o slovena\u010dkom obrazovnom sistemu, obrazovnim institucijama i jo\u0161 mnogo toga. Pridru\u017eite nam se i ostvarite svoje snove.","breadcrumb":{"@id":"https:\/\/study.2tm.eu\/sr\/blog\/#breadcrumb"},"inLanguage":"sr-RS","potentialAction":[{"@type":"ReadAction","target":["https:\/\/study.2tm.eu\/sr\/blog\/"]}]},{"@type":"BreadcrumbList","@id":"https:\/\/study.2tm.eu\/sr\/blog\/#breadcrumb","itemListElement":[{"@type":"ListItem","position":1,"name":"Home","item":"https:\/\/study.2tm.eu\/sr\/"},{"@type":"ListItem","position":2,"name":"Blog Slovenija"}]},{"@type":"WebSite","@id":"https:\/\/study.2tm.eu\/#website","url":"https:\/\/study.2tm.eu\/","name":"Studiraj u Europi","description":"2TM","potentialAction":[{"@type":"SearchAction","target":{"@type":"EntryPoint","urlTemplate":"https:\/\/study.2tm.eu\/?s={search_term_string}"},"query-input":"required name=search_term_string"}],"inLanguage":"sr-RS"}]}},"_links":{"self":[{"href":"https:\/\/study.2tm.eu\/sr\/wp-json\/wp\/v2\/pages\/44"}],"collection":[{"href":"https:\/\/study.2tm.eu\/sr\/wp-json\/wp\/v2\/pages"}],"about":[{"href":"https:\/\/study.2tm.eu\/sr\/wp-json\/wp\/v2\/types\/page"}],"author":[{"embeddable":true,"href":"https:\/\/study.2tm.eu\/sr\/wp-json\/wp\/v2\/users\/1"}],"replies":[{"embeddable":true,"href":"https:\/\/study.2tm.eu\/sr\/wp-json\/wp\/v2\/comments?post=44"}],"version-history":[{"count":5,"href":"https:\/\/study.2tm.eu\/sr\/wp-json\/wp\/v2\/pages\/44\/revisions"}],"predecessor-version":[{"id":10075,"href":"https:\/\/study.2tm.eu\/sr\/wp-json\/wp\/v2\/pages\/44\/revisions\/10075"}],"wp:attachment":[{"href":"https:\/\/study.2tm.eu\/sr\/wp-json\/wp\/v2\/media?parent=44"}],"curies":[{"name":"wp","href":"https:\/\/api.w.org\/{rel}","templated":true}]}}