{"id":28,"date":"2022-04-24T08:11:38","date_gmt":"2022-04-24T08:11:38","guid":{"rendered":"https:\/\/study.2tm.eu\/?page_id=28"},"modified":"2022-05-13T11:16:57","modified_gmt":"2022-05-13T11:16:57","slug":"privacy-policy","status":"publish","type":"page","link":"https:\/\/study.2tm.eu\/sr\/privacy-policy\/","title":{"rendered":"Politika privatnosti i za\u0161tita va\u0161ih li\u010dnih podataka"},"content":{"rendered":"\n<div class=\"wp-block-group container\"><div class=\"wp-block-group__inner-container is-layout-flow wp-block-group-is-layout-flow\">\n<h2 class=\"wp-block-heading\"><strong><strong>Politika privatnosti i za\u0161tita va\u0161ih li\u010dnih podataka<\/strong><\/strong><\/h2>\n\n\n\n<p>Kompanija 2TM d.o.o (u daljem tekstu: kompanija) vodi ra\u010duna o sigurnosti va\u0161ih li\u010dnih podataka. Mi uzimamo kontakt informacije i neke li\u010dne podatke od lica koja pose\u0107uju sajt kompanije i \u017eele da dobiju detaljnije informacije o uslugama kompanije i sa tim ciljem sa povezuju sa nama, popunjavaju\u0107i onlajn obrazac na sajtu, putem elektronske po\u0161te ili telefonskim pozivom.<\/p>\n\n\n\n<p><strong><strong><strong>Koje li\u010dne podatke uzima kompanija:<\/strong><\/strong><\/strong><\/p>\n\n\n\n<p>Sakupljanje, obrada i \u010duvanje li\u010dnih podataka se vr\u0161i isklju\u010divo voljom i sa saglasno\u0161\u0107u vlasnika tih podataka. Odluku o tome koje \u0107ete informacije dati kompaniji, uvek donosite vi sami. Kompanija uzima samo one podatke koje vi dobrovoljno i neposredno dajete. Uvek smo spremni da vam objasnimo koja informacija nam je neophodna da bismo vam pru\u017eili uslugu koja vas zanima.<\/p>\n\n\n\n<p><strong><strong><strong>Kola\u010di\u0107<\/strong><\/strong><\/strong><\/p>\n\n\n\n<p>Kola\u010di\u0107i (cookies) su datoteke sa servisnim informacijama koje ubrzavaju ponovljeni pristup na\u0161em veb sajtu. Kola\u010di\u0107i \u010duvaju individualne preference i pode\u0161avanja korisnika, koje je imao pri poseti sajtu.<\/p>\n\n\n\n<p>Te su datoteke pohranjene na va\u0161im ra\u010dunarima i drugim ure\u0111ajima koji se koriste za pristup sajtovima. Uvek mo\u017eete izbrisati kola\u010di\u0107e ili ih onemogu\u0107iti u pode\u0161avanjima pretra\u017eiva\u010da.<\/p>\n\n\n\n<p><strong><strong><strong>Sigurnost pristupa li\u010dnim podacima u kompaniji<\/strong><\/strong><\/strong><\/p>\n\n\n\n<p>Za za\u0161titu li\u010dnih podataka koji se prenose putem obrazaca za povratne informacije sajta, koristi se specijalizovani \u0161ifrovani protokol HTTPS za prenos podataka.<\/p>\n\n\n\n<p>Li\u010dni podaci klijenata kompanije se u elektronskom obliku nalaze u korporativnom spremi\u0161tu. Ono je opremljeno sistemima kontrole pristupa, revizije i antivirusne za\u0161tite.<\/p>\n\n\n\n<p>Istovremeno, \u017eelimo napomenuti da je prenos podataka putem Interneta uvek povezan s odre\u0111enim sigurnosnim rizicima i elimini\u0161e potpunu za\u0161titu prosle\u0111enih paketa od pristupa tre\u0107ih lica.&nbsp; Za\u0161titite svoje podatke od neovla\u0161tene upotrebe \u0161ifrovanjem, lozinkom ili drugim sredstvima.<\/p>\n\n\n\n<p><strong><strong><strong>Period \u010duvanja li\u010dnih podataka u kompaniji<\/strong><\/strong><\/strong><\/p>\n\n\n\n<p>Kompanija \u010duva li\u010dne podatke pet godina od dana pristanka vlasnika istih podataka ili do pismenog otkazivanja pristanka vlasnika podataka.<\/p>\n\n\n\n<p><strong><strong><strong>Prenos li\u010dnih podataka tre\u0107im licima<\/strong><\/strong><\/strong><\/p>\n\n\n\n<p>Kompanija ne otkriva dobijene li\u010dne podatke, uz izuzetak slu\u010dajeva, gde to tra\u017ei zakon, uklju\u010duju\u0107i i zahteve za ra\u010dunovodstvo i izve\u0161tavanje, kao i u slu\u010dajevima kada ste dali saglasnost kompaniji da potpuno ili delimi\u010dno preda va\u0161e podatke tre\u0107im licima ili ovla\u0161tenim agentima. Ovla\u0161teni agenti kompanije sakupljaju, obra\u0111uju i \u010duvaju li\u010dne podatke u saglasnosti sa politikom kompanije o za\u0161titi li\u010dnih podataka.<\/p>\n\n\n\n<p>Kako bismo pobolj\u0161ali kvalitet usluga koje pru\u017eamo, radimo s kompanijama tre\u0107ih strana koje nam poma\u017eu u analizi rada&nbsp; na\u0161eg sajta kako bismo ga pobolj\u0161ali i u\u010dinili pogodnijim za vas. Me\u0111utim, ni pod kojim uslovima podaci koji se prenose s na\u0161e web-stranice na vanjske operatore ne sadr\u017ee li\u010dne podatke posetilaca na\u0161eg veb sajta.<\/p>\n\n\n\n<p><strong><strong><strong>Va\u0161a prava u pogledu li\u010dnih podataka dostavljenih kompaniji<\/strong><\/strong><\/strong><\/p>\n\n\n\n<p>Svaki vlasnik li\u010dnih&nbsp; podataka ima pravo da od kompanije&nbsp; dobije informacije o tome koji se li\u010dni podaci obra\u0111uju i \u010duvaju u kompaniji; da kopira podatke; da ih dopunjava i prilago\u0111ava; da ograni\u010dava njihovu obradu i skladi\u0161tenje; potpuno ili delimi\u010dno da ih daje; da potpuno ili delimi\u010dno bri\u0161e svoje li\u010dne podatke iz baze kompanije.<\/p>\n\n\n\n<p><strong><strong><strong>Kontakti kompanije&nbsp; za pitanja li\u010dnih podataka<\/strong><\/strong><\/strong><\/p>\n\n\n\n<p>Za sve informacije o va\u0161im li\u010dnim podacima u kompaniji te za saop\u0161tenja o va\u0161oj \u017eelji da sa njima ne\u0161to radite, pi\u0161ite nam na adresu: <a href=\"mailto:lj@2tm.si\">lj@2tm.si<\/a><\/p>\n\n\n\n<p><em><em>Direktor podjetja, Aleksandar Polyakov<\/em><br><em><em>Podjetje 2\u0422\u041c d.o.o<\/em>.<\/em><br><em>Slovenija, Ljubljana<\/em><br><em>Dunajska cesta 106<\/em><br><em>+386 59 043 716<\/em><\/em><\/p>\n\n\n\n<p>Objavljeno: maj 2022<\/p>\n<\/div><\/div>\n","protected":false},"excerpt":{"rendered":"<p>Politika privatnosti i za\u0161tita va\u0161ih li\u010dnih podataka Kompanija 2TM d.o.o (u daljem tekstu: kompanija) vodi ra\u010duna o sigurnosti va\u0161ih li\u010dnih podataka. Mi uzimamo kontakt informacije i neke li\u010dne podatke od lica koja pose\u0107uju sajt kompanije i \u017eele da dobiju detaljnije informacije o uslugama kompanije i sa tim ciljem sa povezuju sa nama, popunjavaju\u0107i onlajn obrazac [&hellip;]<\/p>\n","protected":false},"author":1,"featured_media":0,"parent":0,"menu_order":0,"comment_status":"closed","ping_status":"closed","template":"","meta":{"_acf_changed":false,"footnotes":""},"acf":[],"yoast_head":"<!-- This site is optimized with the Yoast SEO Premium plugin v20.5 (Yoast SEO v20.5) - https:\/\/yoast.com\/wordpress\/plugins\/seo\/ -->\n<title>Politika privatnosti i za\u0161tita va\u0161ih li\u010dnih podataka - Studiraj u Europi<\/title>\n<meta name=\"robots\" content=\"index, follow, max-snippet:-1, max-image-preview:large, max-video-preview:-1\" \/>\n<link rel=\"canonical\" href=\"https:\/\/study.2tm.eu\/sr\/privacy-policy\/\" \/>\n<meta property=\"og:locale\" content=\"sr_RS\" \/>\n<meta property=\"og:type\" content=\"article\" \/>\n<meta property=\"og:title\" content=\"Politika privatnosti i za\u0161tita va\u0161ih li\u010dnih podataka\" \/>\n<meta property=\"og:description\" content=\"Politika privatnosti i za\u0161tita va\u0161ih li\u010dnih podataka Kompanija 2TM d.o.o (u daljem tekstu: kompanija) vodi ra\u010duna o sigurnosti va\u0161ih li\u010dnih podataka. Mi uzimamo kontakt informacije i neke li\u010dne podatke od lica koja pose\u0107uju sajt kompanije i \u017eele da dobiju detaljnije informacije o uslugama kompanije i sa tim ciljem sa povezuju sa nama, popunjavaju\u0107i onlajn obrazac [&hellip;]\" \/>\n<meta property=\"og:url\" content=\"https:\/\/study.2tm.eu\/sr\/privacy-policy\/\" \/>\n<meta property=\"og:site_name\" content=\"Studiraj u Europi\" \/>\n<meta property=\"article:modified_time\" content=\"2022-05-13T11:16:57+00:00\" \/>\n<meta name=\"twitter:card\" content=\"summary_large_image\" \/>\n<meta name=\"twitter:label1\" content=\"\u041f\u0440\u043e\u0446\u0435\u045a\u0435\u043d\u043e \u0432\u0440\u0435\u043c\u0435 \u0447\u0438\u0442\u0430\u045a\u0430\" \/>\n\t<meta name=\"twitter:data1\" content=\"3 \u043c\u0438\u043d\u0443\u0442\u0430\" \/>\n<script type=\"application\/ld+json\" class=\"yoast-schema-graph\">{\"@context\":\"https:\/\/schema.org\",\"@graph\":[{\"@type\":\"WebPage\",\"@id\":\"https:\/\/study.2tm.eu\/sr\/privacy-policy\/\",\"url\":\"https:\/\/study.2tm.eu\/sr\/privacy-policy\/\",\"name\":\"Politika privatnosti i za\u0161tita va\u0161ih li\u010dnih podataka - Studiraj u Europi\",\"isPartOf\":{\"@id\":\"https:\/\/study.2tm.eu\/#website\"},\"datePublished\":\"2022-04-24T08:11:38+00:00\",\"dateModified\":\"2022-05-13T11:16:57+00:00\",\"breadcrumb\":{\"@id\":\"https:\/\/study.2tm.eu\/sr\/privacy-policy\/#breadcrumb\"},\"inLanguage\":\"sr-RS\",\"potentialAction\":[{\"@type\":\"ReadAction\",\"target\":[\"https:\/\/study.2tm.eu\/sr\/privacy-policy\/\"]}]},{\"@type\":\"BreadcrumbList\",\"@id\":\"https:\/\/study.2tm.eu\/sr\/privacy-policy\/#breadcrumb\",\"itemListElement\":[{\"@type\":\"ListItem\",\"position\":1,\"name\":\"Home\",\"item\":\"https:\/\/study.2tm.eu\/sr\/\"},{\"@type\":\"ListItem\",\"position\":2,\"name\":\"Politika privatnosti i za\u0161tita va\u0161ih li\u010dnih podataka\"}]},{\"@type\":\"WebSite\",\"@id\":\"https:\/\/study.2tm.eu\/#website\",\"url\":\"https:\/\/study.2tm.eu\/\",\"name\":\"Studiraj u Europi\",\"description\":\"2TM\",\"potentialAction\":[{\"@type\":\"SearchAction\",\"target\":{\"@type\":\"EntryPoint\",\"urlTemplate\":\"https:\/\/study.2tm.eu\/?s={search_term_string}\"},\"query-input\":\"required name=search_term_string\"}],\"inLanguage\":\"sr-RS\"}]}<\/script>\n<!-- \/ Yoast SEO Premium plugin. -->","yoast_head_json":{"title":"Politika privatnosti i za\u0161tita va\u0161ih li\u010dnih podataka - Studiraj u Europi","robots":{"index":"index","follow":"follow","max-snippet":"max-snippet:-1","max-image-preview":"max-image-preview:large","max-video-preview":"max-video-preview:-1"},"canonical":"https:\/\/study.2tm.eu\/sr\/privacy-policy\/","og_locale":"sr_RS","og_type":"article","og_title":"Politika privatnosti i za\u0161tita va\u0161ih li\u010dnih podataka","og_description":"Politika privatnosti i za\u0161tita va\u0161ih li\u010dnih podataka Kompanija 2TM d.o.o (u daljem tekstu: kompanija) vodi ra\u010duna o sigurnosti va\u0161ih li\u010dnih podataka. Mi uzimamo kontakt informacije i neke li\u010dne podatke od lica koja pose\u0107uju sajt kompanije i \u017eele da dobiju detaljnije informacije o uslugama kompanije i sa tim ciljem sa povezuju sa nama, popunjavaju\u0107i onlajn obrazac [&hellip;]","og_url":"https:\/\/study.2tm.eu\/sr\/privacy-policy\/","og_site_name":"Studiraj u Europi","article_modified_time":"2022-05-13T11:16:57+00:00","twitter_card":"summary_large_image","twitter_misc":{"\u041f\u0440\u043e\u0446\u0435\u045a\u0435\u043d\u043e \u0432\u0440\u0435\u043c\u0435 \u0447\u0438\u0442\u0430\u045a\u0430":"3 \u043c\u0438\u043d\u0443\u0442\u0430"},"schema":{"@context":"https:\/\/schema.org","@graph":[{"@type":"WebPage","@id":"https:\/\/study.2tm.eu\/sr\/privacy-policy\/","url":"https:\/\/study.2tm.eu\/sr\/privacy-policy\/","name":"Politika privatnosti i za\u0161tita va\u0161ih li\u010dnih podataka - Studiraj u Europi","isPartOf":{"@id":"https:\/\/study.2tm.eu\/#website"},"datePublished":"2022-04-24T08:11:38+00:00","dateModified":"2022-05-13T11:16:57+00:00","breadcrumb":{"@id":"https:\/\/study.2tm.eu\/sr\/privacy-policy\/#breadcrumb"},"inLanguage":"sr-RS","potentialAction":[{"@type":"ReadAction","target":["https:\/\/study.2tm.eu\/sr\/privacy-policy\/"]}]},{"@type":"BreadcrumbList","@id":"https:\/\/study.2tm.eu\/sr\/privacy-policy\/#breadcrumb","itemListElement":[{"@type":"ListItem","position":1,"name":"Home","item":"https:\/\/study.2tm.eu\/sr\/"},{"@type":"ListItem","position":2,"name":"Politika privatnosti i za\u0161tita va\u0161ih li\u010dnih podataka"}]},{"@type":"WebSite","@id":"https:\/\/study.2tm.eu\/#website","url":"https:\/\/study.2tm.eu\/","name":"Studiraj u Europi","description":"2TM","potentialAction":[{"@type":"SearchAction","target":{"@type":"EntryPoint","urlTemplate":"https:\/\/study.2tm.eu\/?s={search_term_string}"},"query-input":"required name=search_term_string"}],"inLanguage":"sr-RS"}]}},"_links":{"self":[{"href":"https:\/\/study.2tm.eu\/sr\/wp-json\/wp\/v2\/pages\/28"}],"collection":[{"href":"https:\/\/study.2tm.eu\/sr\/wp-json\/wp\/v2\/pages"}],"about":[{"href":"https:\/\/study.2tm.eu\/sr\/wp-json\/wp\/v2\/types\/page"}],"author":[{"embeddable":true,"href":"https:\/\/study.2tm.eu\/sr\/wp-json\/wp\/v2\/users\/1"}],"replies":[{"embeddable":true,"href":"https:\/\/study.2tm.eu\/sr\/wp-json\/wp\/v2\/comments?post=28"}],"version-history":[{"count":2,"href":"https:\/\/study.2tm.eu\/sr\/wp-json\/wp\/v2\/pages\/28\/revisions"}],"predecessor-version":[{"id":2251,"href":"https:\/\/study.2tm.eu\/sr\/wp-json\/wp\/v2\/pages\/28\/revisions\/2251"}],"wp:attachment":[{"href":"https:\/\/study.2tm.eu\/sr\/wp-json\/wp\/v2\/media?parent=28"}],"curies":[{"name":"wp","href":"https:\/\/api.w.org\/{rel}","templated":true}]}}